{"id":300,"date":"2022-04-18T09:48:53","date_gmt":"2022-04-18T09:48:53","guid":{"rendered":"https:\/\/wir-die-menschen.org\/index.php\/haftungsausschluss\/"},"modified":"2023-04-10T21:19:38","modified_gmt":"2023-04-10T21:19:38","slug":"haftungsausschluss","status":"publish","type":"page","link":"https:\/\/wir-die-menschen.org\/index.php\/haftungsausschluss\/","title":{"rendered":"Haftungsausschluss"},"content":{"rendered":"\n<!-- Legal document generated by Complianz | GDPR\/CCPA Cookie Consent https:\/\/wordpress.org\/plugins\/complianz-gdpr -->\n<div id=\"cmplz-document\" class=\"cmplz-document disclaimer cmplz-document-all\"><p>wir-die-menschen ltd. ist dazu verpflichtet, diese Website aktuell und akkurat zu halten. Solltest du dennoch auf irgendetwas sto\u00dfen, das veraltet oder inkorrekt ist, w\u00fcrden wir es sch\u00e4tzen, wenn du es uns wissen l\u00e4sst. Bitte weise darauf hin, wo du auf der Seite die Information gelesen hast. Wir werden uns dann so schnell wie m\u00f6glich darum k\u00fcmmern. Bitte sende deine R\u00fcckmeldung an: <span class=\"cmplz-obfuscate\">&#100;&#105;&#114;&#101;c&#116;or@<span class=\"cmplz-fmail-domain\">&#101;x.c&#111;&#109;<\/span>wi&#114;&#045;d&#105;&#101;&#045;mens&#099;he&#110;.o&#114;g<\/span>.<\/p><p>Wir \u00fcbernehmen keine Haftung f\u00fcr aus Ungenauigkeit oder Unvollst\u00e4ndigkeit resultierenden Verluste, noch f\u00fcr entstehende Verluste oder Verbreitung von Informationen durch das Internet, wie St\u00f6rungen oder Unterbrechungen. Bei der Verwendung von Internetfomularen streben wir danach die Anzahl der ben\u00f6tigten Felder zu minimieren. F\u00fcr jegliche Verluste die aus der Verwendung von wir-die-menschen ltd. empfohlener oder stammender Daten, Hinweisen oder Ideen \u00fcbernimmt wir-die-menschen ltd. keine Haftung.<\/p><p>\u00dcber E-Mail oder mittels eines Internetfomulars versendete Antworten und Datenschutzanfragen werden in gleicher Weise wie Briefe behandelt. Dies bedeutet, dass du sp\u00e4testens innerhalb eines Monats mit einer Antwort von uns rechnen kannst. Im Falle umfangreicher Anfragen werden wir dich innerhalb eines Monats wissen lassen ob wir ein Maximum von drei Monaten ben\u00f6tigen.<\/p><p>Jegliche pers\u00f6nliche Information welche du uns innerhalb des Kontexts deiner Antwort oder deinem Antrag zur Verf\u00fcgung stellst, wird ausschlie\u00dflich gem\u00e4\u00df unserer Datenschutzerkl\u00e4rung genutzt.<\/p><p>wir-die-menschen ltd. wird jede angemessene Ma\u00dfnahme ergreifen um sein System gegen jede Form unrechtm\u00e4\u00dfiger Nutzung zu sch\u00fctzen. wir-die-menschen ltd. wird geeignete Technologien und organisatorische Ma\u00dfnahmen zu diesem Zweck, unter Ber\u00fccksichtigung des aktuellen Standes der Technik, einf\u00fchren. Es ist jedoch nicht verantwortlich f\u00fcr direkte und\/oder indirekte Verluste jeglicher Art, welche bei einem Benutzer der Website auftreten, die der unrechtm\u00e4\u00dfigen Nutzung des Systems von Drittanbietern entspringt.<\/p><p>wir-die-menschen ltd. \u00fcbernimmt keine Verantwortung f\u00fcr den Inhalt von Websites, zu denen oder von denen ein Hyperlink oder eine anderer Verweis f\u00fchrt. Produkte oder Serviceleistungen, die von Drittanbieten angeboten werden, werden nach entsprechenden Bedingungen und Konditionen jener Drittanbieter behandelt werden.<\/p><p>Jegliches intellektuelle Eigentumsrecht an Inhalten auf dieser Website ist im Besitz von wir-die-menschen ltd..<\/p><p>Das Kopieren, Verbreiten oder jegliche andere Nutzung dieses Materials ist ohne die schriftliche Erlaubnis von wir-die-menschen ltd. nicht gestattet, sofern in geltendem Gesetz nicht anders vereinbart oder ausgenommen (wie etwa das Recht zu zitieren), solang der spezifische Inhalt nichts anderes vorschreibt.<\/p><p>Wenn du Fragen oder Probleme mit der Verf\u00fcgbarkeit der Website hast, z\u00f6gere nicht uns zu kontaktieren.<\/p><\/div>\n","protected":false},"excerpt":{"rendered":"","protected":false},"author":1,"featured_media":0,"parent":0,"menu_order":0,"comment_status":"closed","ping_status":"closed","template":"","meta":{"site-sidebar-layout":"default","site-content-layout":"","ast-site-content-layout":"default","site-content-style":"default","site-sidebar-style":"default","ast-global-header-display":"","ast-banner-title-visibility":"","ast-main-header-display":"","ast-hfb-above-header-display":"","ast-hfb-below-header-display":"","ast-hfb-mobile-header-display":"","site-post-title":"","ast-breadcrumbs-content":"","ast-featured-img":"","footer-sml-layout":"","ast-disable-related-posts":"","theme-transparent-header-meta":"","adv-header-id-meta":"","stick-header-meta":"","header-above-stick-meta":"","header-main-stick-meta":"","header-below-stick-meta":"","astra-migrate-meta-layouts":"default","ast-page-background-enabled":"default","ast-page-background-meta":{"desktop":{"background-color":"var(--ast-global-color-4)","background-image":"","background-repeat":"repeat","background-position":"center center","background-size":"auto","background-attachment":"scroll","background-type":"","background-media":"","overlay-type":"","overlay-color":"","overlay-opacity":"","overlay-gradient":""},"tablet":{"background-color":"","background-image":"","background-repeat":"repeat","background-position":"center center","background-size":"auto","background-attachment":"scroll","background-type":"","background-media":"","overlay-type":"","overlay-color":"","overlay-opacity":"","overlay-gradient":""},"mobile":{"background-color":"","background-image":"","background-repeat":"repeat","background-position":"center center","background-size":"auto","background-attachment":"scroll","background-type":"","background-media":"","overlay-type":"","overlay-color":"","overlay-opacity":"","overlay-gradient":""}},"ast-content-background-meta":{"desktop":{"background-color":"var(--ast-global-color-5)","background-image":"","background-repeat":"repeat","background-position":"center center","background-size":"auto","background-attachment":"scroll","background-type":"","background-media":"","overlay-type":"","overlay-color":"","overlay-opacity":"","overlay-gradient":""},"tablet":{"background-color":"var(--ast-global-color-5)","background-image":"","background-repeat":"repeat","background-position":"center center","background-size":"auto","background-attachment":"scroll","background-type":"","background-media":"","overlay-type":"","overlay-color":"","overlay-opacity":"","overlay-gradient":""},"mobile":{"background-color":"var(--ast-global-color-5)","background-image":"","background-repeat":"repeat","background-position":"center center","background-size":"auto","background-attachment":"scroll","background-type":"","background-media":"","overlay-type":"","overlay-color":"","overlay-opacity":"","overlay-gradient":""}},"footnotes":""},"class_list":["post-300","page","type-page","status-publish","hentry"],"yoast_head":"<!-- This site is optimized with the Yoast SEO plugin v27.3 - https:\/\/yoast.com\/product\/yoast-seo-wordpress\/ -->\n<title>Haftungsausschluss - wir-die-menschen ltd.<\/title>\n<meta name=\"robots\" content=\"index, follow, max-snippet:-1, max-image-preview:large, max-video-preview:-1\" \/>\n<link rel=\"canonical\" href=\"https:\/\/wir-die-menschen.org\/index.php\/haftungsausschluss\/\" \/>\n<meta property=\"og:locale\" content=\"de_DE\" \/>\n<meta property=\"og:type\" content=\"article\" \/>\n<meta property=\"og:title\" content=\"Haftungsausschluss - wir-die-menschen ltd.\" \/>\n<meta property=\"og:url\" content=\"https:\/\/wir-die-menschen.org\/index.php\/haftungsausschluss\/\" \/>\n<meta property=\"og:site_name\" content=\"wir-die-menschen ltd.\" \/>\n<meta property=\"article:modified_time\" content=\"2023-04-10T21:19:38+00:00\" \/>\n<meta name=\"twitter:card\" content=\"summary_large_image\" \/>\n<script type=\"application\/ld+json\" class=\"yoast-schema-graph\">{\"@context\":\"https:\\\/\\\/schema.org\",\"@graph\":[{\"@type\":\"WebPage\",\"@id\":\"https:\\\/\\\/wir-die-menschen.org\\\/index.php\\\/haftungsausschluss\\\/\",\"url\":\"https:\\\/\\\/wir-die-menschen.org\\\/index.php\\\/haftungsausschluss\\\/\",\"name\":\"Haftungsausschluss - wir-die-menschen ltd.\",\"isPartOf\":{\"@id\":\"https:\\\/\\\/wir-die-menschen.org\\\/#website\"},\"datePublished\":\"2022-04-18T09:48:53+00:00\",\"dateModified\":\"2023-04-10T21:19:38+00:00\",\"breadcrumb\":{\"@id\":\"https:\\\/\\\/wir-die-menschen.org\\\/index.php\\\/haftungsausschluss\\\/#breadcrumb\"},\"inLanguage\":\"de\",\"potentialAction\":[{\"@type\":\"ReadAction\",\"target\":[\"https:\\\/\\\/wir-die-menschen.org\\\/index.php\\\/haftungsausschluss\\\/\"]}]},{\"@type\":\"BreadcrumbList\",\"@id\":\"https:\\\/\\\/wir-die-menschen.org\\\/index.php\\\/haftungsausschluss\\\/#breadcrumb\",\"itemListElement\":[{\"@type\":\"ListItem\",\"position\":1,\"name\":\"Startseite\",\"item\":\"https:\\\/\\\/wir-die-menschen.org\\\/\"},{\"@type\":\"ListItem\",\"position\":2,\"name\":\"Haftungsausschluss\"}]},{\"@type\":\"WebSite\",\"@id\":\"https:\\\/\\\/wir-die-menschen.org\\\/#website\",\"url\":\"https:\\\/\\\/wir-die-menschen.org\\\/\",\"name\":\"wir-die-menschen ltd.\",\"description\":\"Hier bin ich Mensch, hier darf ich&#039;s sein!\",\"publisher\":{\"@id\":\"https:\\\/\\\/wir-die-menschen.org\\\/#organization\"},\"potentialAction\":[{\"@type\":\"SearchAction\",\"target\":{\"@type\":\"EntryPoint\",\"urlTemplate\":\"https:\\\/\\\/wir-die-menschen.org\\\/?s={search_term_string}\"},\"query-input\":{\"@type\":\"PropertyValueSpecification\",\"valueRequired\":true,\"valueName\":\"search_term_string\"}}],\"inLanguage\":\"de\"},{\"@type\":\"Organization\",\"@id\":\"https:\\\/\\\/wir-die-menschen.org\\\/#organization\",\"name\":\"wir-die-menschen ltd.\",\"url\":\"https:\\\/\\\/wir-die-menschen.org\\\/\",\"logo\":{\"@type\":\"ImageObject\",\"inLanguage\":\"de\",\"@id\":\"https:\\\/\\\/wir-die-menschen.org\\\/#\\\/schema\\\/logo\\\/image\\\/\",\"url\":\"https:\\\/\\\/lucid-blackwell.173-255-195-219.plesk.page\\\/wp-content\\\/uploads\\\/2022\\\/03\\\/Logo.png\",\"contentUrl\":\"https:\\\/\\\/lucid-blackwell.173-255-195-219.plesk.page\\\/wp-content\\\/uploads\\\/2022\\\/03\\\/Logo.png\",\"width\":2134,\"height\":2025,\"caption\":\"wir-die-menschen ltd.\"},\"image\":{\"@id\":\"https:\\\/\\\/wir-die-menschen.org\\\/#\\\/schema\\\/logo\\\/image\\\/\"}}]}<\/script>\n<!-- \/ Yoast SEO plugin. -->","yoast_head_json":{"title":"Haftungsausschluss - wir-die-menschen ltd.","robots":{"index":"index","follow":"follow","max-snippet":"max-snippet:-1","max-image-preview":"max-image-preview:large","max-video-preview":"max-video-preview:-1"},"canonical":"https:\/\/wir-die-menschen.org\/index.php\/haftungsausschluss\/","og_locale":"de_DE","og_type":"article","og_title":"Haftungsausschluss - wir-die-menschen ltd.","og_url":"https:\/\/wir-die-menschen.org\/index.php\/haftungsausschluss\/","og_site_name":"wir-die-menschen ltd.","article_modified_time":"2023-04-10T21:19:38+00:00","twitter_card":"summary_large_image","schema":{"@context":"https:\/\/schema.org","@graph":[{"@type":"WebPage","@id":"https:\/\/wir-die-menschen.org\/index.php\/haftungsausschluss\/","url":"https:\/\/wir-die-menschen.org\/index.php\/haftungsausschluss\/","name":"Haftungsausschluss - wir-die-menschen ltd.","isPartOf":{"@id":"https:\/\/wir-die-menschen.org\/#website"},"datePublished":"2022-04-18T09:48:53+00:00","dateModified":"2023-04-10T21:19:38+00:00","breadcrumb":{"@id":"https:\/\/wir-die-menschen.org\/index.php\/haftungsausschluss\/#breadcrumb"},"inLanguage":"de","potentialAction":[{"@type":"ReadAction","target":["https:\/\/wir-die-menschen.org\/index.php\/haftungsausschluss\/"]}]},{"@type":"BreadcrumbList","@id":"https:\/\/wir-die-menschen.org\/index.php\/haftungsausschluss\/#breadcrumb","itemListElement":[{"@type":"ListItem","position":1,"name":"Startseite","item":"https:\/\/wir-die-menschen.org\/"},{"@type":"ListItem","position":2,"name":"Haftungsausschluss"}]},{"@type":"WebSite","@id":"https:\/\/wir-die-menschen.org\/#website","url":"https:\/\/wir-die-menschen.org\/","name":"wir-die-menschen ltd.","description":"Hier bin ich Mensch, hier darf ich&#039;s sein!","publisher":{"@id":"https:\/\/wir-die-menschen.org\/#organization"},"potentialAction":[{"@type":"SearchAction","target":{"@type":"EntryPoint","urlTemplate":"https:\/\/wir-die-menschen.org\/?s={search_term_string}"},"query-input":{"@type":"PropertyValueSpecification","valueRequired":true,"valueName":"search_term_string"}}],"inLanguage":"de"},{"@type":"Organization","@id":"https:\/\/wir-die-menschen.org\/#organization","name":"wir-die-menschen ltd.","url":"https:\/\/wir-die-menschen.org\/","logo":{"@type":"ImageObject","inLanguage":"de","@id":"https:\/\/wir-die-menschen.org\/#\/schema\/logo\/image\/","url":"https:\/\/lucid-blackwell.173-255-195-219.plesk.page\/wp-content\/uploads\/2022\/03\/Logo.png","contentUrl":"https:\/\/lucid-blackwell.173-255-195-219.plesk.page\/wp-content\/uploads\/2022\/03\/Logo.png","width":2134,"height":2025,"caption":"wir-die-menschen ltd."},"image":{"@id":"https:\/\/wir-die-menschen.org\/#\/schema\/logo\/image\/"}}]}},"_links":{"self":[{"href":"https:\/\/wir-die-menschen.org\/index.php\/wp-json\/wp\/v2\/pages\/300","targetHints":{"allow":["GET"]}}],"collection":[{"href":"https:\/\/wir-die-menschen.org\/index.php\/wp-json\/wp\/v2\/pages"}],"about":[{"href":"https:\/\/wir-die-menschen.org\/index.php\/wp-json\/wp\/v2\/types\/page"}],"author":[{"embeddable":true,"href":"https:\/\/wir-die-menschen.org\/index.php\/wp-json\/wp\/v2\/users\/1"}],"replies":[{"embeddable":true,"href":"https:\/\/wir-die-menschen.org\/index.php\/wp-json\/wp\/v2\/comments?post=300"}],"version-history":[{"count":0,"href":"https:\/\/wir-die-menschen.org\/index.php\/wp-json\/wp\/v2\/pages\/300\/revisions"}],"wp:attachment":[{"href":"https:\/\/wir-die-menschen.org\/index.php\/wp-json\/wp\/v2\/media?parent=300"}],"curies":[{"name":"wp","href":"https:\/\/api.w.org\/{rel}","templated":true}]}}